{"id":138,"date":"2024-01-22T17:18:19","date_gmt":"2024-01-22T20:18:19","guid":{"rendered":"https:\/\/thiagolimoli.carolcappia.com.br\/?page_id=138"},"modified":"2024-01-22T17:44:08","modified_gmt":"2024-01-22T20:44:08","slug":"apoiadores","status":"publish","type":"page","link":"https:\/\/thiagolimoli.com\/index.php\/apoiadores\/","title":{"rendered":"APOIADORES"},"content":{"rendered":"\t\t<div data-elementor-type=\"wp-page\" data-elementor-id=\"138\" class=\"elementor elementor-138\" data-elementor-post-type=\"page\">\n\t\t\t\t\t\t\t<div class=\"elementor-element elementor-element-a3a5ac7 e-flex e-con-boxed e-con e-parent\" data-id=\"a3a5ac7\" data-element_type=\"container\" data-settings=\"{&quot;content_width&quot;:&quot;boxed&quot;}\" data-core-v316-plus=\"true\">\n\t\t\t\t\t<div class=\"e-con-inner\">\n\t\t\t\t\t<\/div>\n\t\t\t\t<\/div>\n\t\t<div class=\"elementor-element elementor-element-53562ec e-flex e-con-boxed e-con e-parent\" data-id=\"53562ec\" data-element_type=\"container\" data-settings=\"{&quot;content_width&quot;:&quot;boxed&quot;}\" data-core-v316-plus=\"true\">\n\t\t\t\t\t<div class=\"e-con-inner\">\n\t\t<div class=\"elementor-element elementor-element-2d65893 e-con-full e-flex e-con e-child\" data-id=\"2d65893\" data-element_type=\"container\" data-settings=\"{&quot;content_width&quot;:&quot;full&quot;}\">\n\t\t\t\t<div class=\"elementor-element elementor-element-bf0b15c elementor-widget elementor-widget-heading\" data-id=\"bf0b15c\" data-element_type=\"widget\" data-widget_type=\"heading.default\">\n\t\t\t\t<div class=\"elementor-widget-container\">\n\t\t\t<style>\/*! elementor - v3.18.0 - 20-12-2023 *\/\n.elementor-heading-title{padding:0;margin:0;line-height:1}.elementor-widget-heading .elementor-heading-title[class*=elementor-size-]>a{color:inherit;font-size:inherit;line-height:inherit}.elementor-widget-heading .elementor-heading-title.elementor-size-small{font-size:15px}.elementor-widget-heading .elementor-heading-title.elementor-size-medium{font-size:19px}.elementor-widget-heading .elementor-heading-title.elementor-size-large{font-size:29px}.elementor-widget-heading .elementor-heading-title.elementor-size-xl{font-size:39px}.elementor-widget-heading .elementor-heading-title.elementor-size-xxl{font-size:59px}<\/style><h2 class=\"elementor-heading-title elementor-size-default\">Nutricionista<\/h2>\t\t<\/div>\n\t\t\t\t<\/div>\n\t\t\t\t<div class=\"elementor-element elementor-element-1d71df0 elementor-widget elementor-widget-text-editor\" data-id=\"1d71df0\" data-element_type=\"widget\" data-widget_type=\"text-editor.default\">\n\t\t\t\t<div class=\"elementor-widget-container\">\n\t\t\t<style>\/*! elementor - v3.18.0 - 20-12-2023 *\/\n.elementor-widget-text-editor.elementor-drop-cap-view-stacked .elementor-drop-cap{background-color:#69727d;color:#fff}.elementor-widget-text-editor.elementor-drop-cap-view-framed .elementor-drop-cap{color:#69727d;border:3px solid;background-color:transparent}.elementor-widget-text-editor:not(.elementor-drop-cap-view-default) .elementor-drop-cap{margin-top:8px}.elementor-widget-text-editor:not(.elementor-drop-cap-view-default) .elementor-drop-cap-letter{width:1em;height:1em}.elementor-widget-text-editor .elementor-drop-cap{float:left;text-align:center;line-height:1;font-size:50px}.elementor-widget-text-editor .elementor-drop-cap-letter{display:inline-block}<\/style>\t\t\t\t<p><span style=\"font-weight: 400;\">A Dra. Mara Gertrudes Fontinha nasceu na cidade de S\u00e3o Paulo e cursou nutri\u00e7\u00e3o no Centro Universit\u00e1rio S\u00e3o Camilo. \u00c9 especialista em Nutri\u00e7\u00e3o com P\u00f3s Gradua\u00e7\u00e3o em Nutri\u00e7\u00e3o Cl\u00ednica na Universidade Gama Filho e P\u00f3s-gradua\u00e7\u00e3o em Nutri\u00e7\u00e3o Esportiva pela EEFE-USP.<\/span><\/p><p><span style=\"font-weight: 400;\">Tem experi\u00eancia em atendimento cl\u00ednico em consult\u00f3rio particular nas \u00e1reas de nutri\u00e7\u00e3o cl\u00ednica, esportiva e est\u00e9tica. Atua na interven\u00e7\u00e3o e aconselhamento nutricional em doen\u00e7as cr\u00f4nicas como diabetes, hipertens\u00e3o, dislipidemias, sobrepeso, obesidade e cirurgia bari\u00e1trica.<\/span><\/p>\t\t\t\t\t\t<\/div>\n\t\t\t\t<\/div>\n\t\t\t\t<div class=\"elementor-element elementor-element-6e51bd6 elementor-align-right elementor-widget elementor-widget-button\" data-id=\"6e51bd6\" data-element_type=\"widget\" data-widget_type=\"button.default\">\n\t\t\t\t<div class=\"elementor-widget-container\">\n\t\t\t\t\t<div class=\"elementor-button-wrapper\">\n\t\t\t<a class=\"elementor-button elementor-button-link elementor-size-xs\" href=\"https:\/\/marafontinha.com.br\/\">\n\t\t\t\t\t\t<span class=\"elementor-button-content-wrapper\">\n\t\t\t\t\t\t<span class=\"elementor-button-text\">SAIBA MAIS<\/span>\n\t\t<\/span>\n\t\t\t\t\t<\/a>\n\t\t<\/div>\n\t\t\t\t<\/div>\n\t\t\t\t<\/div>\n\t\t\t\t<\/div>\n\t\t<div class=\"elementor-element elementor-element-552c9a5 e-con-full e-flex e-con e-child\" data-id=\"552c9a5\" data-element_type=\"container\" data-settings=\"{&quot;content_width&quot;:&quot;full&quot;}\">\n\t\t\t\t<div class=\"elementor-element elementor-element-6a2228c elementor-widget elementor-widget-image\" data-id=\"6a2228c\" data-element_type=\"widget\" data-widget_type=\"image.default\">\n\t\t\t\t<div class=\"elementor-widget-container\">\n\t\t\t<style>\/*! elementor - v3.18.0 - 20-12-2023 *\/\n.elementor-widget-image{text-align:center}.elementor-widget-image a{display:inline-block}.elementor-widget-image a img[src$=\".svg\"]{width:48px}.elementor-widget-image img{vertical-align:middle;display:inline-block}<\/style>\t\t\t\t\t\t\t\t\t\t\t\t<img fetchpriority=\"high\" decoding=\"async\" width=\"600\" height=\"600\" src=\"https:\/\/thiagolimoli.com\/wp-content\/uploads\/2024\/01\/MARA-FONTINHA.webp\" class=\"attachment-full size-full wp-image-134\" alt=\"\" srcset=\"https:\/\/thiagolimoli.com\/wp-content\/uploads\/2024\/01\/MARA-FONTINHA.webp 600w, https:\/\/thiagolimoli.com\/wp-content\/uploads\/2024\/01\/MARA-FONTINHA-300x300.webp 300w, https:\/\/thiagolimoli.com\/wp-content\/uploads\/2024\/01\/MARA-FONTINHA-150x150.webp 150w\" sizes=\"(max-width: 600px) 100vw, 600px\" \/>\t\t\t\t\t\t\t\t\t\t\t\t\t\t\t<\/div>\n\t\t\t\t<\/div>\n\t\t\t\t<\/div>\n\t\t\t\t\t<\/div>\n\t\t\t\t<\/div>\n\t\t<div class=\"elementor-element elementor-element-4a55f8f e-flex e-con-boxed e-con e-parent\" data-id=\"4a55f8f\" data-element_type=\"container\" data-settings=\"{&quot;background_background&quot;:&quot;classic&quot;,&quot;content_width&quot;:&quot;boxed&quot;}\" data-core-v316-plus=\"true\">\n\t\t\t\t\t<div class=\"e-con-inner\">\n\t\t<div class=\"elementor-element elementor-element-e6e3ecc e-con-full e-flex e-con e-child\" data-id=\"e6e3ecc\" data-element_type=\"container\" data-settings=\"{&quot;content_width&quot;:&quot;full&quot;}\">\n\t\t\t\t<div class=\"elementor-element elementor-element-b38879b elementor-widget elementor-widget-image\" data-id=\"b38879b\" data-element_type=\"widget\" data-widget_type=\"image.default\">\n\t\t\t\t<div class=\"elementor-widget-container\">\n\t\t\t\t\t\t\t\t\t\t\t\t\t\t\t<img decoding=\"async\" width=\"600\" height=\"600\" src=\"https:\/\/thiagolimoli.com\/wp-content\/uploads\/2024\/01\/VOWI-1.webp\" class=\"attachment-full size-full wp-image-167\" alt=\"\" srcset=\"https:\/\/thiagolimoli.com\/wp-content\/uploads\/2024\/01\/VOWI-1.webp 600w, https:\/\/thiagolimoli.com\/wp-content\/uploads\/2024\/01\/VOWI-1-300x300.webp 300w, https:\/\/thiagolimoli.com\/wp-content\/uploads\/2024\/01\/VOWI-1-150x150.webp 150w\" sizes=\"(max-width: 600px) 100vw, 600px\" \/>\t\t\t\t\t\t\t\t\t\t\t\t\t\t\t<\/div>\n\t\t\t\t<\/div>\n\t\t\t\t<\/div>\n\t\t<div class=\"elementor-element elementor-element-9488ba0 e-con-full e-flex e-con e-child\" data-id=\"9488ba0\" data-element_type=\"container\" data-settings=\"{&quot;content_width&quot;:&quot;full&quot;}\">\n\t\t\t\t<div class=\"elementor-element elementor-element-4453eb3 elementor-widget elementor-widget-heading\" data-id=\"4453eb3\" data-element_type=\"widget\" data-widget_type=\"heading.default\">\n\t\t\t\t<div class=\"elementor-widget-container\">\n\t\t\t<h2 class=\"elementor-heading-title elementor-size-default\">Studio Vowi<\/h2>\t\t<\/div>\n\t\t\t\t<\/div>\n\t\t\t\t<div class=\"elementor-element elementor-element-63a3936 elementor-widget elementor-widget-text-editor\" data-id=\"63a3936\" data-element_type=\"widget\" data-widget_type=\"text-editor.default\">\n\t\t\t\t<div class=\"elementor-widget-container\">\n\t\t\t\t\t\t\t<p>Brincar com seus filhos e netos.<br \/>Viajar com a fam\u00edlia e seus amigos.<br \/>Jogar uma partida de t\u00eanis.<br \/>Fazer uma trilha nas montanhas.<br \/>Curtir uma caminhada \u00e0 beira-mar.<br \/>Um futebol com os amigos.<br \/>Um pedal no fim de semana.<br \/>Pegar uma onda.<br \/>Superar seus desafios.<br \/>Vencer a si mesmo!<br \/>Mais do que um centro de treinamento e de atividades f\u00edsicas: um estilo de vida.<\/p>\t\t\t\t\t\t<\/div>\n\t\t\t\t<\/div>\n\t\t\t\t<div class=\"elementor-element elementor-element-f833d9b elementor-align-right elementor-widget elementor-widget-button\" data-id=\"f833d9b\" data-element_type=\"widget\" data-widget_type=\"button.default\">\n\t\t\t\t<div class=\"elementor-widget-container\">\n\t\t\t\t\t<div class=\"elementor-button-wrapper\">\n\t\t\t<a class=\"elementor-button elementor-button-link elementor-size-xs\" href=\"https:\/\/www.vowi.com.br\/\">\n\t\t\t\t\t\t<span class=\"elementor-button-content-wrapper\">\n\t\t\t\t\t\t<span class=\"elementor-button-text\">SAIBA MAIS<\/span>\n\t\t<\/span>\n\t\t\t\t\t<\/a>\n\t\t<\/div>\n\t\t\t\t<\/div>\n\t\t\t\t<\/div>\n\t\t\t\t<\/div>\n\t\t\t\t\t<\/div>\n\t\t\t\t<\/div>\n\t\t<div class=\"elementor-element elementor-element-1d5150b e-flex e-con-boxed e-con e-parent\" data-id=\"1d5150b\" data-element_type=\"container\" data-settings=\"{&quot;content_width&quot;:&quot;boxed&quot;}\" data-core-v316-plus=\"true\">\n\t\t\t\t\t<div class=\"e-con-inner\">\n\t\t<div class=\"elementor-element elementor-element-e0cd2af e-con-full e-flex e-con e-child\" data-id=\"e0cd2af\" data-element_type=\"container\" data-settings=\"{&quot;content_width&quot;:&quot;full&quot;}\">\n\t\t\t\t<div class=\"elementor-element elementor-element-a2b0e0b elementor-widget elementor-widget-heading\" data-id=\"a2b0e0b\" data-element_type=\"widget\" data-widget_type=\"heading.default\">\n\t\t\t\t<div class=\"elementor-widget-container\">\n\t\t\t<h2 class=\"elementor-heading-title elementor-size-default\">LETZIT - Alimenta\u00e7\u00e3o Saud\u00e1vel<\/h2>\t\t<\/div>\n\t\t\t\t<\/div>\n\t\t\t\t<div class=\"elementor-element elementor-element-38889ef elementor-widget elementor-widget-text-editor\" data-id=\"38889ef\" data-element_type=\"widget\" data-widget_type=\"text-editor.default\">\n\t\t\t\t<div class=\"elementor-widget-container\">\n\t\t\t\t\t\t\t<p><span style=\"font-weight: 400;\">Nascemos na mente de um de nossos s\u00f3cios em 2010, mas s\u00f3 viemos ao mundo em 2019! Durante este per\u00edodo de incuba\u00e7\u00e3o, evolu\u00edmos na forma, mas nunca deixamos de lado nosso objetivo de SER O SEU MELHOR PARCEIRO EM ALIMENTA\u00c7\u00c3O<\/span><\/p>\t\t\t\t\t\t<\/div>\n\t\t\t\t<\/div>\n\t\t\t\t<div class=\"elementor-element elementor-element-3f84a74 elementor-align-right elementor-widget elementor-widget-button\" data-id=\"3f84a74\" data-element_type=\"widget\" data-widget_type=\"button.default\">\n\t\t\t\t<div class=\"elementor-widget-container\">\n\t\t\t\t\t<div class=\"elementor-button-wrapper\">\n\t\t\t<a class=\"elementor-button elementor-button-link elementor-size-xs\" href=\"https:\/\/letzit.delivery\/\">\n\t\t\t\t\t\t<span class=\"elementor-button-content-wrapper\">\n\t\t\t\t\t\t<span class=\"elementor-button-text\">SAIBA MAIS<\/span>\n\t\t<\/span>\n\t\t\t\t\t<\/a>\n\t\t<\/div>\n\t\t\t\t<\/div>\n\t\t\t\t<\/div>\n\t\t\t\t<\/div>\n\t\t<div class=\"elementor-element elementor-element-588b42b e-con-full e-flex e-con e-child\" data-id=\"588b42b\" data-element_type=\"container\" data-settings=\"{&quot;content_width&quot;:&quot;full&quot;}\">\n\t\t\t\t<div class=\"elementor-element elementor-element-84af0bc elementor-widget elementor-widget-image\" data-id=\"84af0bc\" data-element_type=\"widget\" data-widget_type=\"image.default\">\n\t\t\t\t<div class=\"elementor-widget-container\">\n\t\t\t\t\t\t\t\t\t\t\t\t\t\t\t<img decoding=\"async\" width=\"600\" height=\"600\" src=\"https:\/\/thiagolimoli.com\/wp-content\/uploads\/2024\/01\/letzi.webp\" class=\"attachment-full size-full wp-image-164\" alt=\"\" srcset=\"https:\/\/thiagolimoli.com\/wp-content\/uploads\/2024\/01\/letzi.webp 600w, https:\/\/thiagolimoli.com\/wp-content\/uploads\/2024\/01\/letzi-300x300.webp 300w, https:\/\/thiagolimoli.com\/wp-content\/uploads\/2024\/01\/letzi-150x150.webp 150w\" sizes=\"(max-width: 600px) 100vw, 600px\" \/>\t\t\t\t\t\t\t\t\t\t\t\t\t\t\t<\/div>\n\t\t\t\t<\/div>\n\t\t\t\t<\/div>\n\t\t\t\t\t<\/div>\n\t\t\t\t<\/div>\n\t\t<div class=\"elementor-element elementor-element-5012c2d e-flex e-con-boxed e-con e-parent\" data-id=\"5012c2d\" data-element_type=\"container\" data-settings=\"{&quot;background_background&quot;:&quot;classic&quot;,&quot;content_width&quot;:&quot;boxed&quot;}\" data-core-v316-plus=\"true\">\n\t\t\t\t\t<div class=\"e-con-inner\">\n\t\t<div class=\"elementor-element elementor-element-a8be200 e-con-full e-flex e-con e-child\" data-id=\"a8be200\" data-element_type=\"container\" data-settings=\"{&quot;content_width&quot;:&quot;full&quot;}\">\n\t\t\t\t<div class=\"elementor-element elementor-element-23ba1bb elementor-widget elementor-widget-image\" data-id=\"23ba1bb\" data-element_type=\"widget\" data-widget_type=\"image.default\">\n\t\t\t\t<div class=\"elementor-widget-container\">\n\t\t\t\t\t\t\t\t\t\t\t\t\t\t\t<img loading=\"lazy\" decoding=\"async\" width=\"600\" height=\"600\" src=\"https:\/\/thiagolimoli.com\/wp-content\/uploads\/2024\/01\/MAHTA.webp\" class=\"attachment-full size-full wp-image-166\" alt=\"\" srcset=\"https:\/\/thiagolimoli.com\/wp-content\/uploads\/2024\/01\/MAHTA.webp 600w, https:\/\/thiagolimoli.com\/wp-content\/uploads\/2024\/01\/MAHTA-300x300.webp 300w, https:\/\/thiagolimoli.com\/wp-content\/uploads\/2024\/01\/MAHTA-150x150.webp 150w\" sizes=\"(max-width: 600px) 100vw, 600px\" \/>\t\t\t\t\t\t\t\t\t\t\t\t\t\t\t<\/div>\n\t\t\t\t<\/div>\n\t\t\t\t<\/div>\n\t\t<div class=\"elementor-element elementor-element-1807bd2 e-con-full e-flex e-con e-child\" data-id=\"1807bd2\" data-element_type=\"container\" data-settings=\"{&quot;content_width&quot;:&quot;full&quot;}\">\n\t\t\t\t<div class=\"elementor-element elementor-element-559358d elementor-widget elementor-widget-heading\" data-id=\"559358d\" data-element_type=\"widget\" data-widget_type=\"heading.default\">\n\t\t\t\t<div class=\"elementor-widget-container\">\n\t\t\t<h2 class=\"elementor-heading-title elementor-size-default\">MAHTA - Nutri\u00e7\u00e3o  Regenerativa da floresta<\/h2>\t\t<\/div>\n\t\t\t\t<\/div>\n\t\t\t\t<div class=\"elementor-element elementor-element-bf2a81e elementor-widget elementor-widget-text-editor\" data-id=\"bf2a81e\" data-element_type=\"widget\" data-widget_type=\"text-editor.default\">\n\t\t\t\t<div class=\"elementor-widget-container\">\n\t\t\t\t\t\t\t<p><span style=\"font-weight: 400;\">Usamos apenas o que a Floresta tem para oferecer, no tempo certo da colheita. Na rela\u00e7\u00e3o justa com a terra. Sem desmatamento. Sem explora\u00e7\u00e3o da Floresta ou sua gente. Sem monocultura. Com ci\u00eancia. E consci\u00eancia. Nutricional, Social e Ambiental<\/span><\/p>\t\t\t\t\t\t<\/div>\n\t\t\t\t<\/div>\n\t\t\t\t<div class=\"elementor-element elementor-element-3c0c0fa elementor-align-right elementor-widget elementor-widget-button\" data-id=\"3c0c0fa\" data-element_type=\"widget\" data-widget_type=\"button.default\">\n\t\t\t\t<div class=\"elementor-widget-container\">\n\t\t\t\t\t<div class=\"elementor-button-wrapper\">\n\t\t\t<a class=\"elementor-button elementor-button-link elementor-size-xs\" href=\"https:\/\/www.mahta.bio\/products\/mahta-superfoods-po?variant=43313726357703\">\n\t\t\t\t\t\t<span class=\"elementor-button-content-wrapper\">\n\t\t\t\t\t\t<span class=\"elementor-button-text\">SAIBA MAIS<\/span>\n\t\t<\/span>\n\t\t\t\t\t<\/a>\n\t\t<\/div>\n\t\t\t\t<\/div>\n\t\t\t\t<\/div>\n\t\t\t\t<\/div>\n\t\t\t\t\t<\/div>\n\t\t\t\t<\/div>\n\t\t\t\t\t\t\t<\/div>\n\t\t","protected":false},"excerpt":{"rendered":"<p>Nutricionista A Dra. Mara Gertrudes Fontinha nasceu na cidade de S\u00e3o Paulo e cursou nutri\u00e7\u00e3o no Centro Universit\u00e1rio S\u00e3o Camilo. \u00c9 especialista em Nutri\u00e7\u00e3o com P\u00f3s Gradua\u00e7\u00e3o em Nutri\u00e7\u00e3o Cl\u00ednica na Universidade Gama Filho e P\u00f3s-gradua\u00e7\u00e3o em Nutri\u00e7\u00e3o Esportiva pela EEFE-USP. Tem experi\u00eancia em atendimento cl\u00ednico em consult\u00f3rio particular nas \u00e1reas de nutri\u00e7\u00e3o cl\u00ednica, esportiva [&hellip;]<\/p>\n","protected":false},"author":1,"featured_media":0,"parent":0,"menu_order":0,"comment_status":"closed","ping_status":"closed","template":"","meta":{"footnotes":""},"_links":{"self":[{"href":"https:\/\/thiagolimoli.com\/index.php\/wp-json\/wp\/v2\/pages\/138"}],"collection":[{"href":"https:\/\/thiagolimoli.com\/index.php\/wp-json\/wp\/v2\/pages"}],"about":[{"href":"https:\/\/thiagolimoli.com\/index.php\/wp-json\/wp\/v2\/types\/page"}],"author":[{"embeddable":true,"href":"https:\/\/thiagolimoli.com\/index.php\/wp-json\/wp\/v2\/users\/1"}],"replies":[{"embeddable":true,"href":"https:\/\/thiagolimoli.com\/index.php\/wp-json\/wp\/v2\/comments?post=138"}],"version-history":[{"count":20,"href":"https:\/\/thiagolimoli.com\/index.php\/wp-json\/wp\/v2\/pages\/138\/revisions"}],"predecessor-version":[{"id":174,"href":"https:\/\/thiagolimoli.com\/index.php\/wp-json\/wp\/v2\/pages\/138\/revisions\/174"}],"wp:attachment":[{"href":"https:\/\/thiagolimoli.com\/index.php\/wp-json\/wp\/v2\/media?parent=138"}],"curies":[{"name":"wp","href":"https:\/\/api.w.org\/{rel}","templated":true}]}}